{"id":186,"date":"2017-04-03T18:30:58","date_gmt":"2017-04-03T16:30:58","guid":{"rendered":"http:\/\/chalo-india.de\/chaloindia\/?page_id=186"},"modified":"2017-05-31T15:47:44","modified_gmt":"2017-05-31T13:47:44","slug":"festival","status":"publish","type":"page","link":"http:\/\/chalo-india.de\/chaloindia\/festival\/","title":{"rendered":"Filmfest"},"content":{"rendered":"<h3>Independent-Kino, Dokumentationen und modernes Bollywood<\/h3>\n<p>Das indische Filmfest Chalo India (Los geht\u2019s \u2013 auf nach Indien!) l\u00e4dt seit 2013 einmal im Jahr zu einer cineastischen Reise auf den fernen Subkontinent ein und bringt erfolgreiche Kinohits sowie au\u00dfergew\u00f6hnliche Dokus, aktuelle Themen und Diskurse, Kultur, Tanz, Musik, Filmemacher, Schauspieler und Regisseure sowie ein St\u00fcck indische Lebensfreude nach M\u00fcnster. Neben dem Filmfest veranstaltet der <em>Indische Filmclub M\u00fcnster<\/em> weitere Veranstaltungen sowie Kinoabende in Kooperation mit dem Cineplex M\u00fcnster.<\/p>\n<h6><\/h6>\n<h6><\/h6>\n<h6><span style=\"color: #ff6600;\">Momentan pausiert das Filmfest. Sobald es einen neuen Festivaltermin gibt, erfahrt ihr es hier! <\/span><\/h6>\n<p>&nbsp;<\/p>\n<p><video poster=\"\" controls=\"controls\" width=\"704\" height=\"392\"><source src=\"http:\/\/chalo-india.de\/archiv\/2014\/trailer.mp4\" type=\"video\/mp4\" \/><source src=\"http:\/\/chalo-india.de\/archiv\/2014\/trailer.ogv\" type=\"video\/ogg\" \/><\/video><\/p>\n<p>Aktuelle Informationen und Veranstaltungshinweise findet ihr auf unserer <span style=\"color: #33cccc;\"><a style=\"color: #33cccc;\" href=\"https:\/\/de-de.facebook.com\/pages\/Chalo-India-Indisches-Filmfest-M%C3%BCnster\/421995527869901\"><u>Facebook-Seite<\/u><\/a><\/span>.<\/p>\n<p>Einen Einblick in das Programm der letzten Festivaljahre gibt das <span style=\"color: #33cccc;\"><a style=\"color: #33cccc;\" href=\"http:\/\/chalo-india.de\/chaloindia\/geschichte\/\"><u>Archiv auf unserer Homepage<\/u><\/a><\/span>.<\/p>\n<p>&nbsp;<\/p>\n<div id='gallery-1' class='gallery galleryid-186 gallery-columns-5 gallery-size-thumbnail'><figure class='gallery-item'>\n\t\t\t<div class='gallery-icon landscape'>\n\t\t\t\t<a href='http:\/\/chalo-india.de\/chaloindia\/wp-content\/uploads\/2017\/04\/Chalo-India-2014-67-von-123-e1491294240501.jpg'><img loading=\"lazy\" decoding=\"async\" width=\"150\" height=\"150\" src=\"http:\/\/chalo-india.de\/chaloindia\/wp-content\/uploads\/2017\/04\/Chalo-India-2014-67-von-123-150x150.jpg\" class=\"attachment-thumbnail size-thumbnail\" alt=\"\" \/><\/a>\n\t\t\t<\/div><\/figure><figure class='gallery-item'>\n\t\t\t<div class='gallery-icon landscape'>\n\t\t\t\t<a href='http:\/\/chalo-india.de\/chaloindia\/wp-content\/uploads\/2017\/04\/Chalo-India-2014-62-von-123-e1491294258126.jpg'><img loading=\"lazy\" decoding=\"async\" width=\"150\" height=\"150\" src=\"http:\/\/chalo-india.de\/chaloindia\/wp-content\/uploads\/2017\/04\/Chalo-India-2014-62-von-123-150x150.jpg\" class=\"attachment-thumbnail size-thumbnail\" alt=\"\" \/><\/a>\n\t\t\t<\/div><\/figure><figure class='gallery-item'>\n\t\t\t<div class='gallery-icon landscape'>\n\t\t\t\t<a href='http:\/\/chalo-india.de\/chaloindia\/wp-content\/uploads\/2017\/04\/Chalo-India-2014-95-von-123-e1491294224768.jpg'><img loading=\"lazy\" decoding=\"async\" width=\"150\" height=\"150\" src=\"http:\/\/chalo-india.de\/chaloindia\/wp-content\/uploads\/2017\/04\/Chalo-India-2014-95-von-123-150x150.jpg\" class=\"attachment-thumbnail size-thumbnail\" alt=\"\" \/><\/a>\n\t\t\t<\/div><\/figure><figure class='gallery-item'>\n\t\t\t<div class='gallery-icon landscape'>\n\t\t\t\t<a href='http:\/\/chalo-india.de\/chaloindia\/wp-content\/uploads\/2017\/04\/Chalo-India-2015-20-von-69-e1491294077683.jpg'><img loading=\"lazy\" decoding=\"async\" width=\"150\" height=\"150\" src=\"http:\/\/chalo-india.de\/chaloindia\/wp-content\/uploads\/2017\/04\/Chalo-India-2015-20-von-69-150x150.jpg\" class=\"attachment-thumbnail size-thumbnail\" alt=\"\" \/><\/a>\n\t\t\t<\/div><\/figure><figure class='gallery-item'>\n\t\t\t<div class='gallery-icon landscape'>\n\t\t\t\t<a href='http:\/\/chalo-india.de\/chaloindia\/wp-content\/uploads\/2017\/04\/Chalo-India-2015-41-von-69-e1491293990490.jpg'><img loading=\"lazy\" decoding=\"async\" width=\"150\" height=\"150\" src=\"http:\/\/chalo-india.de\/chaloindia\/wp-content\/uploads\/2017\/04\/Chalo-India-2015-41-von-69-150x150.jpg\" class=\"attachment-thumbnail size-thumbnail\" alt=\"\" \/><\/a>\n\t\t\t<\/div><\/figure>\n\t\t<\/div>\n\n<p>&nbsp;<\/p>\n","protected":false},"excerpt":{"rendered":"<p>Independent-Kino, Dokumentationen und modernes Bollywood Das indische Filmfest Chalo India (Los geht\u2019s \u2013 auf nach Indien!) l\u00e4dt seit 2013 einmal im Jahr zu einer cineastischen Reise auf den fernen Subkontinent &#8230;<\/p>\n","protected":false},"author":1,"featured_media":0,"parent":0,"menu_order":0,"comment_status":"closed","ping_status":"closed","template":"","meta":{"footnotes":""},"class_list":["post-186","page","type-page","status-publish","hentry"],"_links":{"self":[{"href":"http:\/\/chalo-india.de\/chaloindia\/wp-json\/wp\/v2\/pages\/186"}],"collection":[{"href":"http:\/\/chalo-india.de\/chaloindia\/wp-json\/wp\/v2\/pages"}],"about":[{"href":"http:\/\/chalo-india.de\/chaloindia\/wp-json\/wp\/v2\/types\/page"}],"author":[{"embeddable":true,"href":"http:\/\/chalo-india.de\/chaloindia\/wp-json\/wp\/v2\/users\/1"}],"replies":[{"embeddable":true,"href":"http:\/\/chalo-india.de\/chaloindia\/wp-json\/wp\/v2\/comments?post=186"}],"version-history":[{"count":39,"href":"http:\/\/chalo-india.de\/chaloindia\/wp-json\/wp\/v2\/pages\/186\/revisions"}],"predecessor-version":[{"id":480,"href":"http:\/\/chalo-india.de\/chaloindia\/wp-json\/wp\/v2\/pages\/186\/revisions\/480"}],"wp:attachment":[{"href":"http:\/\/chalo-india.de\/chaloindia\/wp-json\/wp\/v2\/media?parent=186"}],"curies":[{"name":"wp","href":"https:\/\/api.w.org\/{rel}","templated":true}]}}