{"id":485,"date":"2017-05-31T21:40:32","date_gmt":"2017-05-31T19:40:32","guid":{"rendered":"http:\/\/chalo-india.de\/chaloindia\/?page_id=485"},"modified":"2017-05-31T21:40:32","modified_gmt":"2017-05-31T19:40:32","slug":"chalo-india-programm-2014","status":"publish","type":"page","link":"http:\/\/chalo-india.de\/chaloindia\/chalo-india-programm-2014\/","title":{"rendered":"Chalo India Programm 2014"},"content":{"rendered":"<p>&nbsp;<\/p>\n<table border=\"0\" width=\"100%\" cellspacing=\"3\" cellpadding=\"0\">\n<tbody>\n<tr>\n<td bgcolor=\"#000000\"><b><span style=\"color: #ffffff;\">F I L M E (im Schlo\u00dftheater, Melchersstra\u00dfe 81, 48149 M\u00fcnster)<\/span><\/b><\/td>\n<\/tr>\n<\/tbody>\n<\/table>\n<table border=\"0\" width=\"100%\" cellspacing=\"3\" cellpadding=\"0\">\n<tbody>\n<tr>\n<td bgcolor=\"#fdcf4f\"><b>FREITAG, 25.4.<\/b><\/td>\n<td><\/td>\n<\/tr>\n<tr>\n<td><a title=\"Ugly\" href=\"http:\/\/chalo-india.de\/archiv\/2014\/ugly-de.html\"><img loading=\"lazy\" decoding=\"async\" src=\"http:\/\/chalo-india.de\/archiv\/2014\/2014\/ugly.jpg\" alt=\"\" width=\"360\" height=\"240\" border=\"0\" \/> <\/a><\/td>\n<td valign=\"top\">\n<hr noshade=\"noshade\" size=\"1\" \/>\n<p><a title=\"Ugly\" href=\"http:\/\/chalo-india.de\/archiv\/2014\/ugly-de.html\"><b>UGLY<\/b><\/a><br \/>\n22:30 Uhr<\/p>\n<p><i>Indien 2013<br \/>\nRegie: Anurag Kashyap<br \/>\nDarsteller: Ronit Roy, Vineet Singh, Rahul Bhat<br \/>\nMusik: G.V. Prakash Kumar &amp; Brian McOmber<br \/>\nL\u00e4nge: 128 min<br \/>\nSprache: Hindi mit engl. Untertiteln<br \/>\nGenre: Thriller<\/i><\/p>\n<p>Mitten auf einer belebten Kreuzung verschwindet am helllichten Tag ein kleines M\u00e4dchen, das im Auto auf seinen Vater gewartet hat&#8230; <a title=\"Ugly\" href=\"http:\/\/chalo-india.de\/archiv\/2014\/ugly-de.html\"><b>weiter<\/b><\/a><\/td>\n<\/tr>\n<\/tbody>\n<\/table>\n<table border=\"0\" width=\"100%\" cellspacing=\"3\" cellpadding=\"0\">\n<tbody>\n<tr>\n<td bgcolor=\"#fdcf4f\" width=\"360\"><b>SAMSTAG, 26.4.<\/b><\/td>\n<td><\/td>\n<\/tr>\n<tr>\n<td><a title=\"Gulabi Gang\" href=\"http:\/\/chalo-india.de\/archiv\/2014\/gulabi-de.html\"><img loading=\"lazy\" decoding=\"async\" src=\"http:\/\/chalo-india.de\/archiv\/2014\/2014\/gulabi.jpg\" alt=\"\" width=\"360\" height=\"240\" border=\"0\" \/> <\/a><\/td>\n<td valign=\"top\">\n<hr noshade=\"noshade\" size=\"1\" \/>\n<p><a title=\"Gulabi Gang\" href=\"http:\/\/chalo-india.de\/archiv\/2014\/gulabi-de.html\"><b>GULABI GANG<\/b><\/a><br \/>\n11:00 Uhr<\/p>\n<p><i>Indien \/ Nor \/ D\u00e4n 2013<br \/>\nRegie: Nishtha Jain<br \/>\nDarsteller: Sampat Pal Devi, Ram Dulari, Devrati, Bharat Patel, Babu<br \/>\nL\u00e4nge: 96 min<br \/>\nSprache: Hindi mit engl. Untertiteln<br \/>\nGenre: Dokumentation<\/i><\/p>\n<p>In Indien formiert sich seit einigen Jahren eine pinke Revolution, angef\u00fchrt von Sampat Pal Devi&#8230;. <a title=\"Gulabi Gang\" href=\"http:\/\/chalo-india.de\/archiv\/2014\/gulabi-de.html\"><b>weiter<\/b><\/a><\/td>\n<\/tr>\n<tr>\n<td><a title=\"Kai Po Che\" href=\"http:\/\/chalo-india.de\/archiv\/2014\/kpc-de.html\"><img loading=\"lazy\" decoding=\"async\" src=\"http:\/\/chalo-india.de\/archiv\/2014\/2014\/kpc.jpg\" alt=\"\" width=\"360\" height=\"270\" border=\"0\" \/> <\/a><\/td>\n<td valign=\"top\">\n<hr noshade=\"noshade\" size=\"1\" \/>\n<p><a title=\"Kai Po Che\" href=\"http:\/\/chalo-india.de\/archiv\/2014\/kpc-de.html\"><b>KAI PO CHE<\/b><\/a><br \/>\n17:00<\/p>\n<p><i>Indien 2013<br \/>\nRegie: Abhishek Kapoor<br \/>\nDarsteller: Sushant Singh Rajput, Rajkummar Rao, Amit Sadh, Amrita Puri<br \/>\nMusik: Amit Trivedi<br \/>\nL\u00e4nge: 127 min<br \/>\nSprache: Hindi mit engl. Untertiteln<br \/>\nGenre: Drama<\/i><\/p>\n<p>Die Freundschaft zwischen dem n\u00fcchternen Govind, dem lokalen Kricket-As Ishaan und dem Priestersohn Omi wird auf die Probe gestellt&#8230; <a title=\"Kai Po Che\" href=\"http:\/\/chalo-india.de\/archiv\/2014\/kpc-de.html\"><b>weiter<\/b><\/a><\/td>\n<\/tr>\n<tr>\n<td><a title=\"Yeh Jawaani Hai Deewani\" href=\"http:\/\/chalo-india.de\/archiv\/2014\/jawaani-de.html\"><img loading=\"lazy\" decoding=\"async\" src=\"http:\/\/chalo-india.de\/archiv\/2014\/2014\/jawaani.jpg\" alt=\"\" width=\"360\" height=\"270\" border=\"0\" \/> <\/a><\/td>\n<td valign=\"top\">\n<hr noshade=\"noshade\" size=\"1\" \/>\n<p><a title=\"Yeh Jawaani Hai Deewani\" href=\"http:\/\/chalo-india.de\/archiv\/2014\/jawaani-de.html\"><b>YEH JAWAANI HAI DEEWANI<\/b><\/a><br \/>\n20:00<\/p>\n<p><i>Indien 2013<br \/>\nRegie: Ayan Mukherjee<br \/>\nDarsteller: Deepika Padukone, Ranbir Kapoor, Kalki Koechlin, Aditya Roy Kapoor<br \/>\nMusik: Vishal &amp; Shekhar<br \/>\nL\u00e4nge: 159 min<br \/>\nFSK: ab 0 Jahren freigegeben<br \/>\nGenre: Coming of Age \/Liebeskom\u00f6die<br \/>\n<u>Deutsche Synchronfassung!<\/u><\/i><\/p>\n<p>Bevor man alt und weise ist, muss man einmal jung und verr\u00fcckt gewesen sein&#8230; <a title=\"Yeh Jaawani Hai Deewani\" href=\"http:\/\/chalo-india.de\/archiv\/2014\/jawaani-de.html\"><b>weiter<\/b><\/a><\/td>\n<\/tr>\n<\/tbody>\n<\/table>\n<table border=\"0\" width=\"100%\" cellspacing=\"3\" cellpadding=\"0\">\n<tbody>\n<tr>\n<td bgcolor=\"#fdcf4f\" width=\"360\"><b>SONNTAG, 27.4.<\/b><\/td>\n<td><\/td>\n<\/tr>\n<tr>\n<td><a title=\"Faith Connections\" href=\"http:\/\/chalo-india.de\/archiv\/2014\/faith-de.html\"><img loading=\"lazy\" decoding=\"async\" src=\"http:\/\/chalo-india.de\/archiv\/2014\/2014\/faith.jpg\" alt=\"\" width=\"360\" height=\"250\" border=\"0\" \/> <\/a><\/td>\n<td valign=\"top\">\n<hr noshade=\"noshade\" size=\"1\" \/>\n<p><a title=\"Faith Connections\" href=\"http:\/\/chalo-india.de\/archiv\/2014\/faith-de.html\"><b>FAITH CONNECTIONS<\/b><\/a><br \/>\n10:30 Uhr<\/p>\n<p><i>Indien 2014<br \/>\nRegie: Pan Nalin<br \/>\nDarsteller: Hatha Yogi Baba, Bhole Baba, Pant Shirt Baba, Kishan Tiwari, Baby Bajrangi<br \/>\nL\u00e4nge: 115 min<br \/>\nSprache: Englisch\/ Hindi mit deutschen Untertiteln<br \/>\nGenre: Dokumentation<\/i><\/p>\n<p>Die Kumbh Mela ist das gr\u00f6\u00dfte hinduistische Pilgerfest \u00fcberhaupt. \u00dcber 100 Millionen Menschen kommen zusammen&#8230; <a title=\"Faith Connections\" href=\"http:\/\/chalo-india.de\/archiv\/2014\/faith-de.html\"><b>weiter<\/b><\/a><\/td>\n<\/tr>\n<tr>\n<td><a title=\"The World Before Her\" href=\"http:\/\/chalo-india.de\/archiv\/2014\/world-de.html\"><img loading=\"lazy\" decoding=\"async\" src=\"http:\/\/chalo-india.de\/archiv\/2014\/2014\/world.jpg\" alt=\"\" width=\"360\" height=\"280\" border=\"0\" \/> <\/a><\/td>\n<td valign=\"top\">\n<hr noshade=\"noshade\" size=\"1\" \/>\n<p><a title=\"The World Before Her\" href=\"http:\/\/chalo-india.de\/archiv\/2014\/world-de.html\"><b>THE WORLD BEFORE HER<\/b><\/a><br \/>\n15:30 Uhr<\/p>\n<p><i>Kanada 2012<br \/>\nRegie: Nisha Pahuja<br \/>\nDarsteller: Ruhi Singh, Prachi Trivedi, Pooja Chopra, Ankita Shorey<br \/>\nL\u00e4nge: 90 min<br \/>\nSprache: Englisch \/ Hindi mit engl. Untertiteln<br \/>\nGenre: Dokumentation<\/i><\/p>\n<p>Ruhi hat das Gef\u00fchl, dass sie das Rennen machen wird bei der Wahl zur Femina Miss India, die von ihren stolzen Eltern und Millionen anderen Zuschauern im Fernsehen verfolgt wird&#8230; <a title=\"The World Before Her\" href=\"http:\/\/chalo-india.de\/archiv\/2014\/world-de.html\"><b>weiter<\/b><\/a><\/td>\n<\/tr>\n<tr>\n<td><a title=\"Queen\" href=\"http:\/\/chalo-india.de\/archiv\/2014\/queen-de.html\"><img loading=\"lazy\" decoding=\"async\" src=\"http:\/\/chalo-india.de\/archiv\/2014\/2014\/queen.jpg\" alt=\"\" width=\"360\" height=\"250\" border=\"0\" \/> <\/a><\/td>\n<td valign=\"top\">\n<hr noshade=\"noshade\" size=\"1\" \/>\n<p><a title=\"Queen\" href=\"http:\/\/chalo-india.de\/archiv\/2014\/queen-de.html\"><b>QUEEN<\/b><\/a><br \/>\n17:30 Uhr<\/p>\n<p><i>Indien 2014<br \/>\nRegie: Vikas Bahl<br \/>\nDarsteller: Kangana Ranaut, Rajkummar Rao, Lisa Haydon<br \/>\nMusik: Amit Trivedi<br \/>\nL\u00e4nge: 146 min<br \/>\nSprache: Hindi mit engl. Untertiteln<br \/>\nGenre: Kom\u00f6die<\/i><\/p>\n<p>Als Rani kurz vor ihrer Hochzeit sitzen gelassen wird, ist sie nat\u00fcrlich geschockt&#8230; <a title=\"Queen\" href=\"http:\/\/chalo-india.de\/archiv\/2014\/queen-de.html\"><b>weiter<\/b><\/a><\/td>\n<\/tr>\n<tr>\n<td><a title=\"Lootera\" href=\"http:\/\/chalo-india.de\/archiv\/2014\/lootera-de.html\"><img loading=\"lazy\" decoding=\"async\" src=\"http:\/\/chalo-india.de\/archiv\/2014\/2014\/lootera.jpg\" alt=\"\" width=\"360\" height=\"260\" border=\"0\" \/> <\/a><\/td>\n<td valign=\"top\">\n<hr noshade=\"noshade\" size=\"1\" \/>\n<p><a title=\"Lootera\" href=\"http:\/\/chalo-india.de\/archiv\/2014\/lootera-de.html\"><b>LOOTERA<\/b><\/a><br \/>\n20:30 Uhr<\/p>\n<p><i>Indien 2013<br \/>\nRegie: Vikramaditya Motwane<br \/>\nDarsteller: Sonakshi Sinha, Ranveer Singh, Adil Hussain, Arif Zakaria, Divya Dutta<br \/>\nMusik: Amit Trivedi<br \/>\nL\u00e4nge: 136 min<br \/>\nSprache: Hindi mit engl. Untertiteln<br \/>\nGenre: Liebesdrama<\/i><\/p>\n<p>Bengalen in den 50er-Jahren: Heimlich \u00fcbt die F\u00fcrstentochter Pakhi das Autofahren und baut dabei prompt einen Unfall&#8230; <a title=\"Lootera\" href=\"http:\/\/chalo-india.de\/archiv\/2014\/lootera-de.html\"><b>weiter<\/b><\/a><\/td>\n<\/tr>\n<\/tbody>\n<\/table>\n<p>&nbsp;<\/p>\n<table border=\"0\" width=\"100%\" cellspacing=\"3\" cellpadding=\"0\">\n<tbody>\n<tr>\n<td bgcolor=\"#000000\"><b><span style=\"color: #ffffff;\">R A H M E N P R O G R A M M<\/span><\/b><\/td>\n<\/tr>\n<\/tbody>\n<\/table>\n<table border=\"0\" width=\"100%\" cellspacing=\"3\" cellpadding=\"0\">\n<tbody>\n<tr>\n<td bgcolor=\"#fdcf4f\" width=\"360\"><b>FREITAG, 25.4.<\/b><\/td>\n<\/tr>\n<tr>\n<td><a title=\"Er\u00f6ffnung\" href=\"http:\/\/chalo-india.de\/archiv\/2014\/feier-de.html\"><img loading=\"lazy\" decoding=\"async\" src=\"http:\/\/chalo-india.de\/archiv\/2014\/2014\/tanz.jpg\" alt=\"\" width=\"360\" height=\"292\" border=\"0\" \/> <\/a><\/td>\n<td valign=\"top\">\n<hr noshade=\"noshade\" size=\"1\" \/>\n<p><a title=\"Er\u00f6ffnung\" href=\"http:\/\/chalo-india.de\/archiv\/2014\/feier-de.html\"><b>TANZ &amp; THAVIL (Er\u00f6ffnungfeier)<\/b><\/a><br \/>\n19:30 Uhr im Gesundheitshaus<br \/>\n(Gasselstiege 13, 48159 M\u00fcnster)<\/p>\n<p><i>Eintritt: 6 \u20ac, mit Festivalpass kostenlos;<br \/>\nmit: Prakruthi, Pahee Selva, Miss India Germany Kershnee Pillay, nepalesische Tanzgruppe, Anurag Kashyap<\/i><br \/>\nUnser Ehrengast Miss-India-Germany Kershnee Pillay er\u00f6ffnet das 2. Indische Filmfestival M\u00fcnster&#8230; <a title=\"Er\u00f6ffnung\" href=\"http:\/\/chalo-india.de\/archiv\/2014\/feier-de.html\"><b>weiter<\/b><\/a><\/td>\n<\/tr>\n<\/tbody>\n<\/table>\n<table border=\"0\" width=\"100%\" cellspacing=\"3\" cellpadding=\"0\">\n<tbody>\n<tr>\n<td bgcolor=\"#fdcf4f\" width=\"360\"><b>SAMSTAG, 26.4.<\/b><\/td>\n<td><\/td>\n<\/tr>\n<tr>\n<td><a title=\"Vortrag\" href=\"http:\/\/chalo-india.de\/archiv\/2014\/vortrag-de.html\"><img decoding=\"async\" src=\"http:\/\/chalo-india.de\/archiv\/2014\/2014\/frauen2.jpg\" alt=\"\" width=\"360\" height=\"100%\" border=\"0\" \/> <\/a><\/td>\n<td valign=\"top\">\n<hr noshade=\"noshade\" size=\"1\" \/>\n<p><a title=\"Vortrag\" href=\"http:\/\/chalo-india.de\/archiv\/2014\/vortrag-de.html\"><b>VORTRAG: \u201eDie weibliche Verr\u00fccktheit \u2013 Frauen zwischen Depression und Besessenheit in der indischen Psychiatrie<\/b><\/a><br \/>\n13:00 Uhr im Gesundheitshaus<br \/>\n(Gasselstiege 13, 48159 M\u00fcnster)<\/p>\n<p><i>Eintritt frei!<br \/>\nDauer: 60 Minuten<br \/>\nRaum: Veranstaltungsraum, 4. OG<\/i><\/p>\n<p>In Europa sind Frauen in psychiatrischen Institutionen \u00fcberrepr\u00e4sentiert, in Indien dagegen liegt der umgekehrte Fall vor&#8230; <a title=\"Vortrag\" href=\"http:\/\/chalo-india.de\/archiv\/2014\/vortrag-de.html\"><b>weiter<\/b><\/a><\/td>\n<\/tr>\n<tr>\n<td><a title=\"Bharatnatyam-Workshop\" href=\"http:\/\/chalo-india.de\/archiv\/2014\/workshop-de.html\"><img decoding=\"async\" src=\"http:\/\/chalo-india.de\/archiv\/2014\/2014\/tanz4.jpg\" alt=\"\" width=\"360\" height=\"100%\" border=\"0\" \/> <\/a><\/td>\n<td valign=\"top\">\n<hr noshade=\"noshade\" size=\"1\" \/>\n<p><a title=\"Bharatnatyam-Workshop\" href=\"http:\/\/chalo-india.de\/archiv\/2014\/workshop-de.html\"><b>BHARATNATYAM-WORKSHOP<\/b><\/a><br \/>\n15:00 Uhr im Gesundheitshaus<br \/>\n(Gasselstiege 13, 48159 M\u00fcnster)<\/p>\n<p><i>Geleitet von: Prakruthi<br \/>\nAnmeldung: info@chalo-india.de<br \/>\nDauer: 90 Minuten<br \/>\nInfo: F\u00fcr Teilnehmer aller Level. Englische Sprachkenntnisse sind von Vorteil.<br \/>\nTeilnahmegeb\u00fchr: 15 \u20ac (+ Bollywood-Workshop: 30 \u20ac)<\/i><\/p>\n<p>Die Bharatnatyam-T\u00e4nzerin Prakruthi wird neben ihrem Auftritt bei der Er\u00f6ffnungsfeier wieder einen Workshop anbieten&#8230; <a title=\"Bharatnatyam-Workshop\" href=\"http:\/\/chalo-india.de\/archiv\/2014\/workshop-de.html\"><b>weiter<\/b><\/a><\/td>\n<\/tr>\n<tr>\n<td><a title=\"Bollywood-Party\" href=\"http:\/\/chalo-india.de\/archiv\/2014\/party-de.html\"><img decoding=\"async\" src=\"http:\/\/chalo-india.de\/archiv\/2014\/2014\/party2.jpg\" alt=\"\" width=\"360\" height=\"100%\" border=\"0\" \/> <\/a><\/td>\n<td valign=\"top\">\n<hr noshade=\"noshade\" size=\"1\" \/>\n<p><a title=\"Bollywood-Party\" href=\"http:\/\/chalo-india.de\/archiv\/2014\/party-de.html\"><b>BOLLYWOOD-PARTY<\/b><\/a><br \/>\n22:30 Uhr in der Kneisterei<br \/>\n(Berliner Platz 23, 48143 M\u00fcnster)<\/p>\n<p><i> Kein Vorverkauf<br \/>\nAnbindung vom Kino aus: Am besten mit einem Nachtbus von der Steinfurter Stra\u00dfe zum Hbf.<br \/>\nEintritt: 5 \u20ac<br \/>\n<\/i><br \/>\nIn der Kneisterei, direkt am M\u00fcnsteraner Hauptbahnhof, wird DJ Sa-One aus Hamburg die neuesten Bollywood-Beats&#8230; <a title=\"Bollywood-Party\" href=\"http:\/\/chalo-india.de\/archiv\/2014\/party-de.html\"><b>weiter<\/b><\/a><\/td>\n<\/tr>\n<\/tbody>\n<\/table>\n<table border=\"0\" width=\"100%\" cellspacing=\"3\" cellpadding=\"0\">\n<tbody>\n<tr>\n<td bgcolor=\"#fdcf4f\" width=\"360\"><b>SONNTAG, 27.4.<\/b><\/td>\n<td><\/td>\n<\/tr>\n<tr>\n<td><a title=\"Bollywood-Workshop\" href=\"http:\/\/chalo-india.de\/archiv\/2014\/bollywood-de.html\"><img loading=\"lazy\" decoding=\"async\" src=\"http:\/\/chalo-india.de\/archiv\/2014\/2014\/bollywood.jpg\" alt=\"\" width=\"360\" height=\"270\" border=\"0\" \/> <\/a><\/td>\n<td valign=\"top\">\n<hr noshade=\"noshade\" size=\"1\" \/>\n<p><a title=\"Bollywood-Workshop\" href=\"http:\/\/chalo-india.de\/archiv\/2014\/bollywood-de.html\"><b>BOLLYWOOD-WORKSHOP<\/b><\/a><br \/>\n13:00 Uhr im Gesundheitshaus<br \/>\n(Gasselstiege 13, 48159 M\u00fcnster)<\/p>\n<p><i>Geleitet von: Kadisha<br \/>\nAnmeldung: info@chalo-india.de<br \/>\nDauer: 120 Minuten<br \/>\nRaum: Veranstaltungsraum, 4. OG<br \/>\nInfo: F\u00fcr Teilnehmer aller Altersklassen und Level.<br \/>\nTeilnahmegeb\u00fchr: 18 \u20ac<br \/>\n(+ Bharatnatyam-Workshop: 30 \u20ac)<\/i><\/p>\n<p>Man nehme eine Handvoll klassischen indischen und orientalischen Tanz, gebe nach Belieben etwas HipHop, Latin Dance und Ballett hinzu und mische das Ganze mit JazzDance oder Salsa&#8230; <a title=\"Bollywood-Workshop\" href=\"http:\/\/chalo-india.de\/archiv\/2014\/bollywood-de.html\"><b>weiter<\/b><\/a><\/td>\n<\/tr>\n<\/tbody>\n<\/table>\n","protected":false},"excerpt":{"rendered":"<p>&nbsp; F I L M E (im Schlo\u00dftheater, Melchersstra\u00dfe 81, 48149 M\u00fcnster) FREITAG, 25.4. UGLY 22:30 Uhr Indien 2013 Regie: Anurag Kashyap Darsteller: Ronit Roy, Vineet Singh, Rahul Bhat Musik: &#8230;<\/p>\n","protected":false},"author":1,"featured_media":0,"parent":0,"menu_order":0,"comment_status":"closed","ping_status":"closed","template":"","meta":{"footnotes":""},"class_list":["post-485","page","type-page","status-publish","hentry"],"_links":{"self":[{"href":"http:\/\/chalo-india.de\/chaloindia\/wp-json\/wp\/v2\/pages\/485"}],"collection":[{"href":"http:\/\/chalo-india.de\/chaloindia\/wp-json\/wp\/v2\/pages"}],"about":[{"href":"http:\/\/chalo-india.de\/chaloindia\/wp-json\/wp\/v2\/types\/page"}],"author":[{"embeddable":true,"href":"http:\/\/chalo-india.de\/chaloindia\/wp-json\/wp\/v2\/users\/1"}],"replies":[{"embeddable":true,"href":"http:\/\/chalo-india.de\/chaloindia\/wp-json\/wp\/v2\/comments?post=485"}],"version-history":[{"count":1,"href":"http:\/\/chalo-india.de\/chaloindia\/wp-json\/wp\/v2\/pages\/485\/revisions"}],"predecessor-version":[{"id":486,"href":"http:\/\/chalo-india.de\/chaloindia\/wp-json\/wp\/v2\/pages\/485\/revisions\/486"}],"wp:attachment":[{"href":"http:\/\/chalo-india.de\/chaloindia\/wp-json\/wp\/v2\/media?parent=485"}],"curies":[{"name":"wp","href":"https:\/\/api.w.org\/{rel}","templated":true}]}}