{"id":784,"date":"2022-08-15T08:25:45","date_gmt":"2022-08-15T06:25:45","guid":{"rendered":"http:\/\/chalo-india.de\/chaloindia\/?page_id=784"},"modified":"2022-09-12T20:59:24","modified_gmt":"2022-09-12T18:59:24","slug":"filmtage-2022","status":"publish","type":"page","link":"http:\/\/chalo-india.de\/chaloindia\/filmtage-2022\/","title":{"rendered":"Filmtage 2022"},"content":{"rendered":"\n<h2 class=\"wp-block-heading\">Indische Filmtage 2022 im Schlosstheater M\u00fcnster<\/h2>\n\n\n\n<p>Vom 15. bis 25. September 2022 kehren die Indischen Filmtage auf die M\u00fcnsteraner Kinoleinwand zur\u00fcck. In Kooperation mit dem Litfilms-Festival l\u00e4dt der Indische Filmclub M\u00fcnster erneut zu cineastischen Streifz\u00fcgen ein. Dabei nehmen wir dieses Mal indische Literaturverfilmungen von 1956 bis heute in den Fokus. Vom echten Klassiker des indischen Kinos, wie Satyajit Ray, \u00fcber den modernen Independent-Film bis zur Shakespeare-Adaption von Macbeth. Gespr\u00e4che und Interviews begleiten die Filmvorstellungen und laden zum Austausch und zur Diskussion ein.<\/p>\n\n\n\n<p>In den vergangenen Jahren feierten renommierte Filmemacher:innen und junge Deb\u00fctant:innen mit ihren Filmen regelm\u00e4\u00dfig Deutschlandpremiere im Schlosstheater. Im Rahmen des indischen Filmfestes CHALO INDIA (2013-2015) waren Geheimtipps wie Queen, Kai Po Che, oder Hotel Salvation, die inzwischen auf der Streaming-Plattform Netflix zu finden sind, erstmalig im M\u00fcnsteraner Kino zu sehen. Interviews via Skype brachten die indische Filmszene mit ihren Schauspielern:innen, Regisseur:innen oder Drehbuchautor:innen live in den Kinosaal. Der gefeierte Regisseur Anurag Kashyap stattete dem Schlosstheater 2014 h\u00f6chstpers\u00f6nlich einen Besuch ab, um seinen Film Ugly zu pr\u00e4sentieren.<\/p>\n\n\n\n<p><\/p>\n\n\n\n<hr class=\"wp-block-separator\"\/>\n\n\n\n<p><strong>FILMPROGRAMM:<\/strong><\/p>\n\n\n\n<p>Nazarband \u2013 Donnerstag, 15.9. um 18 Uhr (Er\u00f6ffnungsfilm)<\/p>\n\n\n\n<p>Maqbool \u2013 Sonntag: 18.9. um 11 Uhr<\/p>\n\n\n\n<p>Aparajito \u2013 Donnerstag, 22.9. um 18 Uhr<\/p>\n\n\n\n<p>Crescent Night \u2013 Sonntag: 25.9. um 11 Uhr<\/p>\n\n\n\n<hr class=\"wp-block-separator\"\/>\n\n\n\n<p><strong>Veranstaltungsort:<\/strong> &nbsp;Schlo\u00dftheater M\u00fcnster \u2022 Kanonierplatz \/ Melchersstra\u00dfe 81 \u2022 48149 M\u00fcnster<\/p>\n\n\n\n<p><strong>Ticktes und Programm:<\/strong> muenster.cineplex.de<\/p>\n\n\n\n<p><strong>Eintrittspreise:<\/strong> &nbsp;&nbsp;&nbsp;&nbsp;&nbsp; Einzelkarte 8,00 Euro (erm. 7,00 Euro*) \/<strong> <\/strong>Kultursemesterticket AStA 6,00 Euro<\/p>\n\n\n\n<hr class=\"wp-block-separator is-style-default\"\/>\n\n\n\n<p><strong>Nazarband<\/strong> &#8211; Donnerstag, 15.9.2022&nbsp; I&nbsp; 18 Uhr \u2013 Er\u00f6ffnungsfilm<\/p>\n\n\n\n<p>Als Vasanti nach f\u00fcnfj\u00e4hriger Haftstrafe entlassen wird, holt ihr Mann sie nicht vom Gef\u00e4ngnis ab. Auf der Suche nach ihrer Familie irrt sie durch Kolkata. Dabei begegnet sie dem Kleinkriminellen Chandu, der am gleichen Tag seine Freiheit wiedererlangt hat und ihr seine Hilfe anbietet. Allerdings verfolgt Chandu seine ganz eigenen Pl\u00e4ne. Als Vasanti daheim ankommt, ist ihre H\u00fctte in einem Slum einem modernen Wohnkomplex gewichen und ihre Familie ist fort. F\u00fcr Vasanti und Chandu beginnt eine emotionale Suche und ein wilder Trip durch das Labyrinth der Megametropole und der eigenen Vergangenheiten. &nbsp;<\/p>\n\n\n\n<p>Nazarband ist ein viszeraler Blick auf das \u00dcberleben, eine aufrichtige Erkundung tiefer Kameradschaft sowie der Bedeutung von Ablehnung und Akzeptanz. Der Film von National-Award-Gewinner Suman Mukhopadhyay feierte seine Weltpremiere auf dem internationalen Filmfestival in Busan und basiert auf einer Kurzgeschichte der bengalischen Autorin und Dichterin Ashapurna Devi.<\/p>\n\n\n\n<p>Regie: Suman Mukhopadhyay | mit: Indira Tiwari, Tanmay Dhanania |Sprache: Hindi (OmeU) | L\u00e4nge: 85 Minuten | Indien 2020 | Deutschlandpremiere<\/p>\n\n\n\n<figure class=\"wp-block-image size-full\"><img decoding=\"async\" src=\"http:\/\/chalo-india.de\/chaloindia\/wp-content\/uploads\/2022\/08\/Nazarband_Captive_Still_6.jpg\" alt=\"Nazarband\" class=\"wp-image-786\"\/><figcaption>Fimszene: Nazarband (2020)<\/figcaption><\/figure>\n\n\n\n<hr class=\"wp-block-separator\"\/>\n\n\n\n<p><strong>Maqbool<\/strong> &#8211; Sonntag: 18.9.2022&nbsp; I 11 Uhr<\/p>\n\n\n\n<p>Ein Mafia-Clan herrscht \u00fcber Bombay. An seiner Spitze: der alternde und m\u00e4chtige Mafiaboss Abbaji. Maqbool ist seine rechte Hand und sein engster Vertrauter. Er hofft nach Abbajis Tod die F\u00fchrung des Clans zu \u00fcbernehmen. Darauf hofft auch Nimmi, Abbajis M\u00e4tresse, deren Liebe eigentlich Maqbool geh\u00f6rt. Verzweifelt intrigiert sie und stellt Maqbool vor die Wahl: &#8222;T\u00f6te Abbaji oder mich&#8220;. Als der Geliebte von Abbajis Tochter sich auch noch als Empork\u00f6mmling entpuppt, brennen ihm die Nerven durch. Von Machthunger und Eifersucht getrieben, t\u00f6tet er Abbaji kaltbl\u00fctig im Schlaf und tritt an die Spitze des Clans. Doch von einem schweren Gewissen und Verfolgungswahn geplagt, sieht er keinen Ausweg und l\u00e4uft in sein Verderben.<\/p>\n\n\n\n<p>Der indische Shakespeare-Spezialist Vishal Bhardwaj (Haider, Omkara) verfilmte Macbeth mit hochkar\u00e4tigen Schauspielern wie Irrfan Khan (Lunchbox, Schiffbruch mit Tiger) und Tabu (The Namesake, Andhadhun) und siedelte die Handlung im Gangster-Milieu an.<\/p>\n\n\n\n<p>Regie und Musik: Vishal Bhardwaj | mit: Irrfan Khan, Tabu, Pankaj Kapoor, Naseeruddin Shah, Om Puri | Sprache: Hindi (OmU) | L\u00e4nge: 132 Minuten I Indien 2003<\/p>\n\n\n\n<figure class=\"wp-block-image size-large\"><img loading=\"lazy\" decoding=\"async\" width=\"1024\" height=\"700\" src=\"http:\/\/chalo-india.de\/chaloindia\/wp-content\/uploads\/2022\/08\/maqbool_06p-1024x700.jpg\" alt=\"\" class=\"wp-image-787\" srcset=\"http:\/\/chalo-india.de\/chaloindia\/wp-content\/uploads\/2022\/08\/maqbool_06p-1024x700.jpg 1024w, http:\/\/chalo-india.de\/chaloindia\/wp-content\/uploads\/2022\/08\/maqbool_06p-300x205.jpg 300w, http:\/\/chalo-india.de\/chaloindia\/wp-content\/uploads\/2022\/08\/maqbool_06p-768x525.jpg 768w, http:\/\/chalo-india.de\/chaloindia\/wp-content\/uploads\/2022\/08\/maqbool_06p.jpg 1382w\" sizes=\"(max-width: 1024px) 100vw, 1024px\" \/><figcaption>Filmszene: Maqbool (2003)<\/figcaption><\/figure>\n\n\n\n<hr class=\"wp-block-separator\"\/>\n\n\n\n<p><strong>Aparajito &#8211; Der Unbesiegbare<\/strong>  &#8211;  Donnerstag, 22.9.2022 I 18 Uhr<\/p>\n\n\n\n<p>Im Jahr 1920 lebt der junge Apu mit seiner Familie in der heiligen Stadt Benares am Ufer des Ganges. Nach dem Tod des gebrechlichen Vaters kehrt er mit seiner Mutter aufs bengalische Land zur\u00fcck. In der dortigen Schule entpuppt sich Apu als gl\u00e4nzender Sch\u00fcler. Er erh\u00e4lt ein Stipendium und darf in Kolkata studieren. Seine Mutter hat jedoch bereits andere Pl\u00e4ne f\u00fcr ihren Sohn und m\u00f6chte ihn bei sich auf dem Land behalten.<\/p>\n\n\n\n<p>Der vielfach ausgezeichnete Film Aparajito ist der zweite Teil der Apu-Trilogie des indischen Altmeisters Satyajit Ray. Er basiert auf einer Geschichte des indischen Autors Bibhutibhushan Bandyopadhyay. In einer Mischung aus Poesie und Realismus zeigt er den Alltag in Bengalen und erz\u00e4hlt vom herausfordernden Werdegang eines Jungen im fr\u00fchen 20. Jahrhundert. In Venedig erhielt der Film den Goldenen L\u00f6wen und den Preis der internationalen Filmkritik.<\/p>\n\n\n\n<p>Regie: Satyajit Ray | Musik: Ravi Shankar I mit: Pinaki Sengupta, Samaran Ghosal, Kanu Bannerjee, Karuna Bannerjee, Ramani Sengupta, Santi Gupta, Ranibala |Sprache: Bengali (OmU) | L\u00e4nge: 115 Minuten | Indien 1956<\/p>\n\n\n\n<div class=\"wp-block-image\"><figure class=\"aligncenter size-large\"><img loading=\"lazy\" decoding=\"async\" width=\"1024\" height=\"576\" src=\"http:\/\/chalo-india.de\/chaloindia\/wp-content\/uploads\/2022\/08\/Aparajito_1-1024x576.jpg\" alt=\"\" class=\"wp-image-793\" srcset=\"http:\/\/chalo-india.de\/chaloindia\/wp-content\/uploads\/2022\/08\/Aparajito_1-1024x576.jpg 1024w, http:\/\/chalo-india.de\/chaloindia\/wp-content\/uploads\/2022\/08\/Aparajito_1-300x169.jpg 300w, http:\/\/chalo-india.de\/chaloindia\/wp-content\/uploads\/2022\/08\/Aparajito_1-768x432.jpg 768w, http:\/\/chalo-india.de\/chaloindia\/wp-content\/uploads\/2022\/08\/Aparajito_1-1536x864.jpg 1536w, http:\/\/chalo-india.de\/chaloindia\/wp-content\/uploads\/2022\/08\/Aparajito_1.jpg 1920w\" sizes=\"(max-width: 1024px) 100vw, 1024px\" \/><figcaption>Filmszene: Aparajito (1956)<\/figcaption><\/figure><\/div>\n\n\n\n<hr class=\"wp-block-separator\"\/>\n\n\n\n<p><strong>Crescent Night &#8211; Adh Chanani Raat<\/strong>  &#8211;  Sonntag: 25.9..2022  I  11 Uhr<\/p>\n\n\n\n<p>Modan sa\u00df f\u00fcnfzehn Jahre im Gef\u00e4ngnis. Er beging einen Mord, um die Dem\u00fctigung seines Vaters zu r\u00e4chen. Nachdem er seine Strafe abgesessen hat, zwingen ihn die ver\u00e4nderten Lebensumst\u00e4nde wieder in sein Elternhaus zu ziehen. Zur\u00fcck zu seiner gebrechlichen Mutter und einer neuen Frau, die bereits Mutter eines Sohnes ist. Trotz seiner ehrlichen Versuche, die Verletzungen der Vergangenheit zu vergessen, manifestiert sich seine unterdr\u00fcckte Wut in erneuter Gewalt. Atmosph\u00e4risch und mit eindringlichen Bildern erz\u00e4hlt der Film vom patriarchalischen und hierarchisch gepr\u00e4gten Leben in der l\u00e4ndlichen Region Punjabs.<\/p>\n\n\n\n<p>Crescent Night (Adh Chanani Raat) feierte dieses Jahr Premiere auf dem Internationalen Filmfestival in Rotterdam und ist der dritte Film von Regisseur Gurvinder Singh, der auf einem Roman von Gurdial Singh basiert. &#8222;Als Punjabi suchte ich einen Autor, der sich mit regionalen Themen auskennt und in dieser Sprache schreibt. Da ich bereits nach den Romanen von Gurdial Singh gedreht hatte, wollte ich unbedingt meine Trilogie basierend auf seinen Werken vervollst\u00e4ndigen.&#8220;<\/p>\n\n\n\n<p>Regie: Gurvinder Singh | mit: Jatinder Mauhar, S. S. Dhiman, Veera Gill, Samuel John | Sprache: Punjabi (OmeU) | L\u00e4nge: 109 Minuten | Indien 2022 | Deutschlandpremiere<\/p>\n\n\n\n<figure class=\"wp-block-image size-full\"><img loading=\"lazy\" decoding=\"async\" width=\"1013\" height=\"531\" src=\"http:\/\/chalo-india.de\/chaloindia\/wp-content\/uploads\/2022\/08\/Crescent-Night-01-.jpg\" alt=\"\" class=\"wp-image-796\" srcset=\"http:\/\/chalo-india.de\/chaloindia\/wp-content\/uploads\/2022\/08\/Crescent-Night-01-.jpg 1013w, http:\/\/chalo-india.de\/chaloindia\/wp-content\/uploads\/2022\/08\/Crescent-Night-01--300x157.jpg 300w, http:\/\/chalo-india.de\/chaloindia\/wp-content\/uploads\/2022\/08\/Crescent-Night-01--768x403.jpg 768w\" sizes=\"(max-width: 1013px) 100vw, 1013px\" \/><figcaption>Filmszene: Crescent Night (2022)<\/figcaption><\/figure>\n\n\n\n<hr class=\"wp-block-separator\"\/>\n\n\n\n<p><strong>WEITERE INFOS:<\/strong><\/p>\n\n\n\n<p>Veranstaltungsort: Schlo\u00dftheater M\u00fcnster \u2022 Kanonierplatz \/ Melchersstra\u00dfe 81 \u2022 48149 M\u00fcnster<\/p>\n\n\n\n<p>Kartenvorverkauf und Vorbestellung ab 18. September 2022<\/p>\n\n\n\n<p>Service-Center: Tel. 0251 98 712 333  \/\/  Internet-Reservierung: muenster.cineplex.de<\/p>\n\n\n\n<p>Eintrittspreise: Einzelkarte 8,00 Euro (erm. 7,00 Euro*) | Kultursemesterticket AStA 6,00 Euro<\/p>\n","protected":false},"excerpt":{"rendered":"<p>Indische Filmtage 2022 im Schlosstheater M\u00fcnster Vom 15. bis 25. September 2022 kehren die Indischen Filmtage auf die M\u00fcnsteraner Kinoleinwand zur\u00fcck. In Kooperation mit dem Litfilms-Festival l\u00e4dt der Indische Filmclub &#8230;<\/p>\n","protected":false},"author":2,"featured_media":0,"parent":0,"menu_order":0,"comment_status":"closed","ping_status":"closed","template":"","meta":{"footnotes":""},"class_list":["post-784","page","type-page","status-publish","hentry"],"_links":{"self":[{"href":"http:\/\/chalo-india.de\/chaloindia\/wp-json\/wp\/v2\/pages\/784"}],"collection":[{"href":"http:\/\/chalo-india.de\/chaloindia\/wp-json\/wp\/v2\/pages"}],"about":[{"href":"http:\/\/chalo-india.de\/chaloindia\/wp-json\/wp\/v2\/types\/page"}],"author":[{"embeddable":true,"href":"http:\/\/chalo-india.de\/chaloindia\/wp-json\/wp\/v2\/users\/2"}],"replies":[{"embeddable":true,"href":"http:\/\/chalo-india.de\/chaloindia\/wp-json\/wp\/v2\/comments?post=784"}],"version-history":[{"count":16,"href":"http:\/\/chalo-india.de\/chaloindia\/wp-json\/wp\/v2\/pages\/784\/revisions"}],"predecessor-version":[{"id":826,"href":"http:\/\/chalo-india.de\/chaloindia\/wp-json\/wp\/v2\/pages\/784\/revisions\/826"}],"wp:attachment":[{"href":"http:\/\/chalo-india.de\/chaloindia\/wp-json\/wp\/v2\/media?parent=784"}],"curies":[{"name":"wp","href":"https:\/\/api.w.org\/{rel}","templated":true}]}}